{"id":101,"date":"2016-04-19T14:38:13","date_gmt":"2016-04-19T12:38:13","guid":{"rendered":"https:\/\/eg-solar.de\/?page_id=101"},"modified":"2023-01-16T11:31:29","modified_gmt":"2023-01-16T10:31:29","slug":"vorstand","status":"publish","type":"page","link":"https:\/\/eg-solar.de\/en\/vorstand\/","title":{"rendered":""},"content":{"rendered":"<div class=\"entry-content\">\n<h3>Vorstandschaft<\/h3>\n<p>Am 03.12.2018 wurde der Vorstand neu gew\u00e4hlt:<\/p>\n<ul>\n<li>Hans Michlbauer (Vorsitzender)<\/li>\n<li>J\u00f6rg Herrle (2. Vorsitzender)<\/li>\n<li>Mario Beier (Schriftf\u00fchrer)<\/li>\n<li>Gitti Osl (Kassiererin)<\/li>\n<li>Klaus Renno (Beisitzer)<\/li>\n<li>Christian Schunke (Beisitzer)<\/li>\n<li>Richard Walter (Beisitzer)<\/li>\n<li>Markus Voglsamer (Beisitzer)<\/li>\n<li>Karl Wittmann (Kassenpr\u00fcfer)<\/li>\n<\/ul>\n<p>&nbsp;<\/p>\n<p>&nbsp;<\/p>\n<\/div>\n","protected":false},"excerpt":{"rendered":"<p>Vorstandschaft Am 03.12.2018 wurde der Vorstand neu gew\u00e4hlt: Hans Michlbauer (Vorsitzender) J\u00f6rg Herrle (2. Vorsitzender) Mario Beier (Schriftf\u00fchrer) Gitti Osl (Kassiererin) Klaus Renno (Beisitzer) Christian Schunke (Beisitzer) Richard Walter (Beisitzer) Markus Voglsamer (Beisitzer) Karl Wittmann (Kassenpr\u00fcfer) &nbsp; &nbsp;<\/p>\n","protected":false},"author":1,"featured_media":0,"parent":0,"menu_order":0,"comment_status":"closed","ping_status":"closed","template":"","meta":{"give_campaign_id":0,"_uag_custom_page_level_css":"","footnotes":""},"class_list":["post-101","page","type-page","status-publish","hentry"],"campaignId":"","uagb_featured_image_src":{"full":false,"thumbnail":false,"medium":false,"medium_large":false,"large":false,"1536x1536":false,"2048x2048":false,"woocommerce_thumbnail":false,"woocommerce_single":false,"woocommerce_gallery_thumbnail":false},"uagb_author_info":{"display_name":"Nathan Tracy","author_link":"https:\/\/eg-solar.de\/en\/author\/admin\/"},"uagb_comment_info":0,"uagb_excerpt":"Vorstandschaft Am 03.12.2018 wurde der Vorstand neu gew\u00e4hlt: Hans Michlbauer (Vorsitzender) J\u00f6rg Herrle (2. Vorsitzender) Mario Beier (Schriftf\u00fchrer) Gitti Osl (Kassiererin) Klaus Renno (Beisitzer) Christian Schunke (Beisitzer) Richard Walter (Beisitzer) Markus Voglsamer (Beisitzer) Karl Wittmann (Kassenpr\u00fcfer) &nbsp; &nbsp;","_links":{"self":[{"href":"https:\/\/eg-solar.de\/en\/wp-json\/wp\/v2\/pages\/101","targetHints":{"allow":["GET"]}}],"collection":[{"href":"https:\/\/eg-solar.de\/en\/wp-json\/wp\/v2\/pages"}],"about":[{"href":"https:\/\/eg-solar.de\/en\/wp-json\/wp\/v2\/types\/page"}],"author":[{"embeddable":true,"href":"https:\/\/eg-solar.de\/en\/wp-json\/wp\/v2\/users\/1"}],"replies":[{"embeddable":true,"href":"https:\/\/eg-solar.de\/en\/wp-json\/wp\/v2\/comments?post=101"}],"version-history":[{"count":2,"href":"https:\/\/eg-solar.de\/en\/wp-json\/wp\/v2\/pages\/101\/revisions"}],"predecessor-version":[{"id":2958,"href":"https:\/\/eg-solar.de\/en\/wp-json\/wp\/v2\/pages\/101\/revisions\/2958"}],"wp:attachment":[{"href":"https:\/\/eg-solar.de\/en\/wp-json\/wp\/v2\/media?parent=101"}],"curies":[{"name":"wp","href":"https:\/\/api.w.org\/{rel}","templated":true}]}}