{"id":3459,"date":"2023-03-03T10:28:20","date_gmt":"2023-03-03T09:28:20","guid":{"rendered":"https:\/\/eg-solar.de\/?page_id=3459"},"modified":"2023-03-08T12:00:53","modified_gmt":"2023-03-08T11:00:53","slug":"2015-2016","status":"publish","type":"page","link":"https:\/\/eg-solar.de\/en\/2015-2016\/","title":{"rendered":"2015-2016"},"content":{"rendered":"<h2>Minister for Economic Cooperation and Development Dr. M\u00fcller at EG Solar e.V.<\/h2>\n<figure id=\"attachment_568\" class=\"thumbnail wp-caption alignnone\"><img fetchpriority=\"high\" decoding=\"async\" class=\"size-full wp-image-568\" src=\"https:\/\/eg-solar.de\/wp-content\/uploads\/2016\/04\/Dr.-M\u00fcller-4.jpg\" sizes=\"(max-width: 700px) 100vw, 700px\" srcset=\"https:\/\/eg-solar.de\/wp-content\/uploads\/2016\/04\/Dr.-M\u00fcller-4.jpg 700w, https:\/\/eg-solar.de\/wp-content\/uploads\/2016\/04\/Dr.-M\u00fcller-4-600x375.jpg 600w, https:\/\/eg-solar.de\/wp-content\/uploads\/2016\/04\/Dr.-M\u00fcller-4-300x188.jpg 300w, https:\/\/eg-solar.de\/wp-content\/uploads\/2016\/04\/Dr.-M\u00fcller-4-80x50.jpg 80w, https:\/\/eg-solar.de\/wp-content\/uploads\/2016\/04\/Dr.-M\u00fcller-4-280x175.jpg 280w\" alt=\"Dr. M\u00fcller, dritter von rechts\" width=\"700\" height=\"438\" \/><figcaption class=\"caption wp-caption-text\">Dr. M\u00fcller, dritter von rechts<\/figcaption><\/figure>\n<p>On 13 November 2015, Dr. Bernhard M\u00fcller, Federal Minister for Economic Cooperation and Development visited EG Solar e.V.. He came to our county at the invitation of MDB Dr. Stephan Mayer from Neu\u00f6tting. (See press article Dr. M\u00fcller ANA 16.11.2015).<\/p>\n<p>Hans Michlbauer took the opportunity to present our development aid concept with solar cookers, wood-saving stoves and solar lamps. He focused on the importance of training in our partner workshops. Escape causes can be combated only if young people have an economic life prospect and an intact environment on site.<\/p>\n<p>He referred to the many opportunities for solar cooking in refugee camps. EG Solar has been able to gather positive experiences in 7 refugee camps for Bhutanese refugees in Nepal. More than 100,000 refugees used some 7,000 solar cookers built in the refugee camps with our support.<\/p>\n<p><strong><a href=\"https:\/\/eg-solar.de\/wp-content\/uploads\/2016\/04\/Dr.-M\u00fcller-ANA-16.11.2015.pdf\" target=\"_blank\" rel=\"noopener\">\u21d2 Dr. M\u00fcller ANA 16.11.2015<\/a><\/strong><\/p>\n<h3><strong>Solar cookers for refugee camps<\/strong><\/h3>\n<p>He referred to the many opportunities for solar cooking in refugee camps. EG Solar has been able to gather positive experiences in 7 refugee camps for Bhutanese refugees in Nepal. More than 100,000 refugees used some 7,000 solar cookers built in the refugee camps with our support.<\/p>\n<p><a href=\"https:\/\/eg-solar.de\/wp-content\/uploads\/2016\/04\/Fl\u00fcchtlingslager-Nepal-Projektbericht-2-spaltig-2.pdf\" target=\"_blank\" rel=\"noopener\"><strong><u>\u21d2 Refugee Camp in Nepal \u2013 Project Report<\/u><\/strong><\/a><\/p>\n<p>Advantages of solar cooking:<\/p>\n<ul>\n<li>enormous cost savings, since little fuel must be purchased,<\/li>\n<li>no conflicts with the local population around the scarce wood stocks in the vicinity of the camps,<\/li>\n<li>Significantly less respiratory disease,<\/li>\n<li>Cleanliness, less soot particles in huts and clothing,<\/li>\n<li>Lower fire risk due to open fire,<\/li>\n<li>less CO2 emissions.<\/li>\n<\/ul>\n<p>EG-Solar e.V. would like to provide \u201chelp for self-help\u201d in other refugee camps, too. What is missing are partners in the many camps and financial resources. For construction, implementation and support of the 7000 solar cookers in Nepal approx. \u20ac 1.5 million were spent.<\/p>\n<p><strong><a href=\"https:\/\/www.youtube.com\/watch?time_continue=18&#038;v=joJRrljm30g\" target=\"_blank\" rel=\"noopener\">\u21d2 Video Refugee Camp in Nepal<\/a><\/strong><\/p>\n<h2><\/h2>\n<p>&nbsp;<\/p>\n<h2>Senegal:\u00a0 <a href=\"https:\/\/eg-solar.de\/en\/senegal\/\" target=\"_blank\" rel=\"noopener\">Solar cooker construction course<\/a><\/h2>\n<p>&nbsp;<\/p>\n<p>&nbsp;<\/p>\n<h2><\/h2>\n<h2><strong>Construction courses for refugees<\/strong><\/h2>\n<figure id=\"attachment_483\" style=\"width: 700px\"  class=\"wp-caption alignnone\"><img decoding=\"async\" class=\"wp-image-483 size-full\" src=\"https:\/\/eg-solar.de\/wp-content\/uploads\/2016\/04\/Baukurs-f\u00fcr-Fl\u00fcchtlinge.jpg\" alt=\"Construction course for refugees in november 20\" width=\"700\" height=\"614\" srcset=\"https:\/\/eg-solar.de\/wp-content\/uploads\/2016\/04\/Baukurs-f\u00fcr-Fl\u00fcchtlinge.jpg 700w, https:\/\/eg-solar.de\/wp-content\/uploads\/2016\/04\/Baukurs-f\u00fcr-Fl\u00fcchtlinge-416x365.jpg 416w, https:\/\/eg-solar.de\/wp-content\/uploads\/2016\/04\/Baukurs-f\u00fcr-Fl\u00fcchtlinge-300x263.jpg 300w, https:\/\/eg-solar.de\/wp-content\/uploads\/2016\/04\/Baukurs-f\u00fcr-Fl\u00fcchtlinge-80x70.jpg 80w, https:\/\/eg-solar.de\/wp-content\/uploads\/2016\/04\/Baukurs-f\u00fcr-Fl\u00fcchtlinge-600x526.jpg 600w, https:\/\/eg-solar.de\/wp-content\/uploads\/2016\/04\/Baukurs-f\u00fcr-Fl\u00fcchtlinge-280x246.jpg 280w\" sizes=\"(max-width: 700px) 100vw, 700px\" \/><figcaption class=\"wp-caption-text\">Construction course for refugees in november 2015<\/figcaption><\/figure>\n<p>On request, we offer special <strong><a href=\"https:\/\/eg-solar.de\/baukurse\/\">construction courses<\/a><\/strong> for refugees. These courses are subject to special agreements, schedule appointments to be made in consultation with the EG Solar office.<\/p>\n<h2><\/h2>\n<h2><\/h2>\n<h2><strong>Students teach refugees<\/strong><\/h2>\n<p><img decoding=\"async\" class=\"alignnone wp-image-475 size-full\" src=\"https:\/\/eg-solar.de\/wp-content\/uploads\/2016\/04\/Sch\u00fcler-lehren-Fl\u00fcchtlinge.jpg\" alt=\"\" width=\"700\" height=\"467\" srcset=\"https:\/\/eg-solar.de\/wp-content\/uploads\/2016\/04\/Sch\u00fcler-lehren-Fl\u00fcchtlinge.jpg 700w, https:\/\/eg-solar.de\/wp-content\/uploads\/2016\/04\/Sch\u00fcler-lehren-Fl\u00fcchtlinge-416x278.jpg 416w, https:\/\/eg-solar.de\/wp-content\/uploads\/2016\/04\/Sch\u00fcler-lehren-Fl\u00fcchtlinge-300x200.jpg 300w, https:\/\/eg-solar.de\/wp-content\/uploads\/2016\/04\/Sch\u00fcler-lehren-Fl\u00fcchtlinge-80x53.jpg 80w, https:\/\/eg-solar.de\/wp-content\/uploads\/2016\/04\/Sch\u00fcler-lehren-Fl\u00fcchtlinge-600x400.jpg 600w, https:\/\/eg-solar.de\/wp-content\/uploads\/2016\/04\/Sch\u00fcler-lehren-Fl\u00fcchtlinge-280x187.jpg 280w\" sizes=\"(max-width: 700px) 100vw, 700px\" \/><\/p>\n<p>In the vocational schools, pupils started a project in which they taught unaccompanied minor refugees in the basics of electrical engineering. Together they built solar lamps.<\/p>\n<figure id=\"attachment_481\" style=\"width: 300px\"  class=\"wp-caption alignright\"><img loading=\"lazy\" decoding=\"async\" class=\"wp-image-481 size-full\" src=\"https:\/\/eg-solar.de\/wp-content\/uploads\/2016\/04\/Sch\u00fcler-lehren-Fl\u00fcchtlinge-Lampenmontage.jpg\" alt=\"solar lamp assembling\" width=\"300\" height=\"450\" srcset=\"https:\/\/eg-solar.de\/wp-content\/uploads\/2016\/04\/Sch\u00fcler-lehren-Fl\u00fcchtlinge-Lampenmontage.jpg 300w, https:\/\/eg-solar.de\/wp-content\/uploads\/2016\/04\/Sch\u00fcler-lehren-Fl\u00fcchtlinge-Lampenmontage-200x300.jpg 200w, https:\/\/eg-solar.de\/wp-content\/uploads\/2016\/04\/Sch\u00fcler-lehren-Fl\u00fcchtlinge-Lampenmontage-53x80.jpg 53w, https:\/\/eg-solar.de\/wp-content\/uploads\/2016\/04\/Sch\u00fcler-lehren-Fl\u00fcchtlinge-Lampenmontage-187x280.jpg 187w\" sizes=\"(max-width: 300px) 100vw, 300px\" \/><figcaption class=\"wp-caption-text\">solar lamp assembling<\/figcaption><\/figure>\n<h3><strong>Objective:<\/strong><\/h3>\n<ul>\n<li>Personally get to know young asylum seekers;<\/li>\n<li>Learn about reasons for their escape;<\/li>\n<li>Talk about their future hopes;<\/li>\n<li>Provide refugees with an insight into electrical engineering as well as to create a practical product;<\/li>\n<\/ul>\n<h3><strong>Implementation:<\/strong><\/h3>\n<ul>\n<li>With the help of a learning circle in the field of electrical engineering: In the learning circle &#8211; compiled entirely by the pupils &#8211; the construction of simple lighting circuits and the electrical safety were taught.<\/li>\n<li>Common construction of the Mali-Light, a solar lamp, which can be put to good use in the home of the refugees.<\/li>\n<\/ul>\n<h3><strong>Conclusion:<\/strong><\/h3>\n<ul>\n<li>The teachers involved were more than enthusiastic about the students and their commitment, especially as some were fully committed despite initial reservation.The graduate class itself was surprised by the interest and iron willingness to learn of the unaccompanied refugees.<\/li>\n<li>The refugees themselves were very happy about the deployment of the early specialists. At the same time they have used the opportunity to gain insight into a possible career.<\/li>\n<\/ul>\n","protected":false},"excerpt":{"rendered":"<p>Minister for Economic Cooperation and Development Dr. M\u00fcller at EG Solar e.V. Dr. M\u00fcller, dritter von rechts On 13 November 2015, Dr. Bernhard M\u00fcller, Federal Minister for Economic Cooperation and Development visited EG Solar e.V.. He came to our county at the invitation of MDB Dr. Stephan Mayer from Neu\u00f6tting. (See press article Dr. M\u00fcller [&hellip;]<\/p>\n","protected":false},"author":3,"featured_media":0,"parent":0,"menu_order":0,"comment_status":"closed","ping_status":"closed","template":"","meta":{"give_campaign_id":0,"_uag_custom_page_level_css":"","footnotes":""},"class_list":["post-3459","page","type-page","status-publish","hentry"],"campaignId":"","uagb_featured_image_src":{"full":false,"thumbnail":false,"medium":false,"medium_large":false,"large":false,"1536x1536":false,"2048x2048":false,"woocommerce_thumbnail":false,"woocommerce_single":false,"woocommerce_gallery_thumbnail":false},"uagb_author_info":{"display_name":"Hans Michlbauer","author_link":"https:\/\/eg-solar.de\/en\/author\/michlbauer-hans\/"},"uagb_comment_info":0,"uagb_excerpt":"Minister for Economic Cooperation and Development Dr. M\u00fcller at EG Solar e.V. Dr. M\u00fcller, dritter von rechts On 13 November 2015, Dr. Bernhard M\u00fcller, Federal Minister for Economic Cooperation and Development visited EG Solar e.V.. He came to our county at the invitation of MDB Dr. Stephan Mayer from Neu\u00f6tting. (See press article Dr. M\u00fcller&hellip;","_links":{"self":[{"href":"https:\/\/eg-solar.de\/en\/wp-json\/wp\/v2\/pages\/3459","targetHints":{"allow":["GET"]}}],"collection":[{"href":"https:\/\/eg-solar.de\/en\/wp-json\/wp\/v2\/pages"}],"about":[{"href":"https:\/\/eg-solar.de\/en\/wp-json\/wp\/v2\/types\/page"}],"author":[{"embeddable":true,"href":"https:\/\/eg-solar.de\/en\/wp-json\/wp\/v2\/users\/3"}],"replies":[{"embeddable":true,"href":"https:\/\/eg-solar.de\/en\/wp-json\/wp\/v2\/comments?post=3459"}],"version-history":[{"count":13,"href":"https:\/\/eg-solar.de\/en\/wp-json\/wp\/v2\/pages\/3459\/revisions"}],"predecessor-version":[{"id":3462,"href":"https:\/\/eg-solar.de\/en\/wp-json\/wp\/v2\/pages\/3459\/revisions\/3462"}],"wp:attachment":[{"href":"https:\/\/eg-solar.de\/en\/wp-json\/wp\/v2\/media?parent=3459"}],"curies":[{"name":"wp","href":"https:\/\/api.w.org\/{rel}","templated":true}]}}