{"id":3475,"date":"2023-03-03T11:15:47","date_gmt":"2023-03-03T10:15:47","guid":{"rendered":"https:\/\/eg-solar.de\/?page_id=3475"},"modified":"2023-03-08T12:44:12","modified_gmt":"2023-03-08T11:44:12","slug":"2017-2018","status":"publish","type":"page","link":"https:\/\/eg-solar.de\/en\/2017-2018\/","title":{"rendered":"2017-2018"},"content":{"rendered":"<h2>Symposium &#8220;Welt mit Zukunft durch Berufliche Bildung&#8221;<\/h2>\n<p>Wildpodsried, 04.-06.12.2017\u00a0 \u00a0 \u00a0<strong><a href=\"https:\/\/eg-solar.de\/wp-content\/uploads\/2016\/04\/Symposium-Welt-mit-Zukunft-durch-Berufliche-Bildung.pdf\" target=\"_blank\" rel=\"noopener\">\u21d2 Symposium Welt mit Zukunft durch Berufliche Bildung<\/a><\/strong><\/p>\n<p>Nur durch berufliche Bildung und der Schaffung von handwerklich strukturierten Arbeitspl\u00e4tzen in unseren Partnerl\u00e4ndern in Afrika wird es gelingen den jungen Menschen eine Bleibeperspektive zu geben. Wir konnten mit dem Minister f\u00fcr Wirtschaftliche Zusammenarbeit und Entwicklung, Dr. M\u00fcller, \u00fcber Chancen sprechen, die die dezentrale handwerkliche Fertigung von Solarkochern und Holzspar\u00f6fen erm\u00f6glichen.<\/p>\n<figure id=\"attachment_1015\" style=\"width: 700px\"  class=\"wp-caption alignnone\"><img fetchpriority=\"high\" decoding=\"async\" class=\"wp-image-1015 size-full\" src=\"https:\/\/eg-solar.de\/wp-content\/uploads\/2016\/04\/Wildpoldsried-Dr.-M\u00fcller.jpg\" alt=\"\" width=\"700\" height=\"471\" srcset=\"https:\/\/eg-solar.de\/wp-content\/uploads\/2016\/04\/Wildpoldsried-Dr.-M\u00fcller.jpg 700w, https:\/\/eg-solar.de\/wp-content\/uploads\/2016\/04\/Wildpoldsried-Dr.-M\u00fcller-416x280.jpg 416w, https:\/\/eg-solar.de\/wp-content\/uploads\/2016\/04\/Wildpoldsried-Dr.-M\u00fcller-300x202.jpg 300w, https:\/\/eg-solar.de\/wp-content\/uploads\/2016\/04\/Wildpoldsried-Dr.-M\u00fcller-600x404.jpg 600w\" sizes=\"(max-width: 700px) 100vw, 700px\" \/><figcaption class=\"wp-caption-text\">Minister Dr. M\u00fcller, Mario Beier, Hans Michlbauer von EG-Solar e.V.<\/figcaption><\/figure>\n<hr \/>\n<div class=\"mceTemp\"><\/div>\n<hr \/>\n<h2>22. Internationale Solarkochertagung<\/h2>\n<figure id=\"attachment_709\" style=\"width: 700px\"  class=\"wp-caption alignnone\"><img decoding=\"async\" class=\"size-full wp-image-709\" src=\"https:\/\/eg-solar.de\/wp-content\/uploads\/2016\/04\/Sokotagung-2017-klein.jpg\" alt=\"Solarkochertagung 2017 Teilnehmer Sonntag\" width=\"700\" height=\"525\" srcset=\"https:\/\/eg-solar.de\/wp-content\/uploads\/2016\/04\/Sokotagung-2017-klein.jpg 700w, https:\/\/eg-solar.de\/wp-content\/uploads\/2016\/04\/Sokotagung-2017-klein-416x312.jpg 416w, https:\/\/eg-solar.de\/wp-content\/uploads\/2016\/04\/Sokotagung-2017-klein-300x225.jpg 300w, https:\/\/eg-solar.de\/wp-content\/uploads\/2016\/04\/Sokotagung-2017-klein-80x60.jpg 80w, https:\/\/eg-solar.de\/wp-content\/uploads\/2016\/04\/Sokotagung-2017-klein-600x450.jpg 600w, https:\/\/eg-solar.de\/wp-content\/uploads\/2016\/04\/Sokotagung-2017-klein-280x210.jpg 280w\" sizes=\"(max-width: 700px) 100vw, 700px\" \/><figcaption class=\"wp-caption-text\">Solarkochertagung 2017 Teilnehmer Sonntag<\/figcaption><\/figure>\n<h3><a href=\"https:\/\/eg-solar.de\/wp-content\/uploads\/2016\/04\/Bild-Sokotagung-2017.pdf\" target=\"_blank\" rel=\"noopener\">\u21d2 Bild Sokotagung 2017<\/a><\/h3>\n<p><strong>Wir danken den Referenten<\/strong> f\u00fcr die informativen und kritischen Beitr\u00e4ge, <strong>sowie allen Teilnehmern <\/strong>f\u00fcr die interessierte und angenehme Atmosph\u00e4re <strong>bei unserer 22. Internationalen Solarkochertagung <\/strong>am 1. und <span data-cmp_parsed_date=\"2017-04-02\" data-ce-class=\"Dates\">2. April 2017<\/span> . Auf vielfachen Wunsch und mit Genehmigung der Verfasser haben wir die <strong>Vortr\u00e4ge<\/strong> als pdf-Dateien ver\u00f6ffentlicht<\/p>\n<h3><strong><a href=\"https:\/\/eg-solar.de\/wp-content\/uploads\/2016\/04\/Programm-2017-aktuell.pdf\" target=\"_blank\" rel=\"noopener\">\u21d2 Programm 2017<\/a><\/strong><\/h3>\n<p>&nbsp;<\/p>\n<h2><a href=\"https:\/\/eg-solar.de\/en\/senegal\/\" target=\"_blank\" rel=\"noopener\">=> Solar cooker workshop <\/a>of SAPOP at Fimela\/Senegal 2017<\/h2>\n","protected":false},"excerpt":{"rendered":"<p>Symposium &#8220;Welt mit Zukunft durch Berufliche Bildung&#8221; Wildpodsried, 04.-06.12.2017\u00a0 \u00a0 \u00a0\u21d2 Symposium Welt mit Zukunft durch Berufliche Bildung Nur durch berufliche Bildung und der Schaffung von handwerklich strukturierten Arbeitspl\u00e4tzen in unseren Partnerl\u00e4ndern in Afrika wird es gelingen den jungen Menschen eine Bleibeperspektive zu geben. Wir konnten mit dem Minister f\u00fcr Wirtschaftliche Zusammenarbeit und Entwicklung, Dr. [&hellip;]<\/p>\n","protected":false},"author":3,"featured_media":0,"parent":0,"menu_order":0,"comment_status":"closed","ping_status":"closed","template":"","meta":{"give_campaign_id":0,"_uag_custom_page_level_css":"","footnotes":""},"class_list":["post-3475","page","type-page","status-publish","hentry"],"campaignId":"","uagb_featured_image_src":{"full":false,"thumbnail":false,"medium":false,"medium_large":false,"large":false,"1536x1536":false,"2048x2048":false,"woocommerce_thumbnail":false,"woocommerce_single":false,"woocommerce_gallery_thumbnail":false},"uagb_author_info":{"display_name":"Hans Michlbauer","author_link":"https:\/\/eg-solar.de\/en\/author\/michlbauer-hans\/"},"uagb_comment_info":0,"uagb_excerpt":"Symposium &#8220;Welt mit Zukunft durch Berufliche Bildung&#8221; Wildpodsried, 04.-06.12.2017\u00a0 \u00a0 \u00a0\u21d2 Symposium Welt mit Zukunft durch Berufliche Bildung Nur durch berufliche Bildung und der Schaffung von handwerklich strukturierten Arbeitspl\u00e4tzen in unseren Partnerl\u00e4ndern in Afrika wird es gelingen den jungen Menschen eine Bleibeperspektive zu geben. Wir konnten mit dem Minister f\u00fcr Wirtschaftliche Zusammenarbeit und Entwicklung, Dr.&hellip;","_links":{"self":[{"href":"https:\/\/eg-solar.de\/en\/wp-json\/wp\/v2\/pages\/3475","targetHints":{"allow":["GET"]}}],"collection":[{"href":"https:\/\/eg-solar.de\/en\/wp-json\/wp\/v2\/pages"}],"about":[{"href":"https:\/\/eg-solar.de\/en\/wp-json\/wp\/v2\/types\/page"}],"author":[{"embeddable":true,"href":"https:\/\/eg-solar.de\/en\/wp-json\/wp\/v2\/users\/3"}],"replies":[{"embeddable":true,"href":"https:\/\/eg-solar.de\/en\/wp-json\/wp\/v2\/comments?post=3475"}],"version-history":[{"count":8,"href":"https:\/\/eg-solar.de\/en\/wp-json\/wp\/v2\/pages\/3475\/revisions"}],"predecessor-version":[{"id":3478,"href":"https:\/\/eg-solar.de\/en\/wp-json\/wp\/v2\/pages\/3475\/revisions\/3478"}],"wp:attachment":[{"href":"https:\/\/eg-solar.de\/en\/wp-json\/wp\/v2\/media?parent=3475"}],"curies":[{"name":"wp","href":"https:\/\/api.w.org\/{rel}","templated":true}]}}