{"id":3552,"date":"2023-03-08T12:38:39","date_gmt":"2023-03-08T11:38:39","guid":{"rendered":"https:\/\/eg-solar.de\/?page_id=3552"},"modified":"2023-03-08T13:02:04","modified_gmt":"2023-03-08T12:02:04","slug":"uganda","status":"publish","type":"page","link":"https:\/\/eg-solar.de\/en\/uganda\/","title":{"rendered":"Uganda"},"content":{"rendered":"<h3>Reflector sheets for 220 solar cookers arrived in Jinja<\/h3>\n<p>Packed in 5 boxes, we sent 220 sets of reflector sheets, a used roll bending machine and small parts for the construction of SK14 solar cookers with air freight to Entebbe. Each of the boxes weighs approximately 170 kg. It takes four men to handle a box.<br \/>\nAll material arrived safely at the BSPW in Jinja.<br \/>\nSoon another 100 solar cookers &#8211; the racks are already completed &#8211; will be sent by truck on the long way to the Palorinya camp.<\/p>\n<h3>\u21d2<a href=\"https:\/\/eg-solar.de\/wp-content\/uploads\/2016\/04\/Uganda-solar-cookers-for-refugee-camps-22-03-2020.pdf\" target=\"_blank\" rel=\"noopener\">Uganda solar cookers for refugee camps 22-03-2020<\/a><\/h3>\n<h2><\/h2>\n<h2>Weitere Solarkocher f\u00fcr Fl\u00fcchtlingslager Parolinya in Norduganda werden gebaut<\/h2>\n<p>Nach dem so positiv verlaufenen Pilotprojekt \u201eSolarkocher f\u00fcr Fl\u00fcchtlingscamp in Norduganda\u201c mit 100 SK14 und der anschaulichen Berichterstattung unseres ugandischen Projektleiters Edwards Kyambaddee bei seinem Besuch im Mai 2019, hat uns der Rotary Club M\u00fchldorf\/Waldkraiburg die Finanzierung von weiteren 100 Solarkochern zugesagt, die derzeit in unserer Partnerwerkstatt BSPW in Jinja gebaut werden.<\/p>\n<figure id=\"attachment_1313\" style=\"width: 700px\"  class=\"wp-caption alignleft\"><img fetchpriority=\"high\" decoding=\"async\" class=\"size-full wp-image-1313\" src=\"https:\/\/eg-solar.de\/wp-content\/uploads\/2016\/04\/Jinja.jpg\" alt=\"\" width=\"700\" height=\"481\" srcset=\"https:\/\/eg-solar.de\/wp-content\/uploads\/2016\/04\/Jinja.jpg 700w, https:\/\/eg-solar.de\/wp-content\/uploads\/2016\/04\/Jinja-416x286.jpg 416w, https:\/\/eg-solar.de\/wp-content\/uploads\/2016\/04\/Jinja-300x206.jpg 300w, https:\/\/eg-solar.de\/wp-content\/uploads\/2016\/04\/Jinja-600x412.jpg 600w\" sizes=\"(max-width: 700px) 100vw, 700px\" \/><figcaption class=\"wp-caption-text\">Kochermontage Jinja<\/figcaption><\/figure>\n<p>Parallel wird EG Solar diesmal 200 Satz Reflektorbleche nach Jinja senden, f\u00fcr die die Finanzierung durch Spenden bereits gesichert ist.<\/p>\n<h4><strong>Werkstatt im Norden Ugandas geplant:<\/strong><\/h4>\n<p>Der Vorschlag von Edwards Kyambaddee, bei Ausweitung des Projektes k\u00fcnftig die Kocher zusammen mit Fahrr\u00e4dern in einer neu zu gr\u00fcndenden Filialwerkstatt im Moyo-Distrikt \/ Norduganda zu bauen wurde in unserer Mitgliederversammlung diskutiert und sehr bef\u00fcrwortet. Wege und Kosten w\u00fcrden dabei in Zukunft gespart, Solarkocher k\u00f6nnen in der N\u00e4he des Fl\u00fcchtlingscamps gebaut und gewartet werden und auftauchende Probleme orts- und zeitnah bearbeitet werden.<\/p>\n<p>Die Jugendhilfe Ostafrika hat bereits die Finanzierung f\u00fcr eine kombinierte Fahrzeugwerkstatt zugesagt. EG Solar m\u00f6chte bei entsprechender Unterst\u00fctzung durch Spender die Solarkocherwerkstatt mit Maschinen und Material ausstatten. Zwei abschlie\u00dfbare Container b\u00f6ten Raum f\u00fcr die Fahrradwerkstatt und ein kleines B\u00fcro, in einem dritten Container w\u00fcrden Material und Maschinen f\u00fcr den Solarkocherbau untergebracht.<\/p>\n<p>Die 3 Container w\u00fcrden U-f\u00f6rmig aufgestellt, der freie Platz dazwischen \u00fcberdacht, so dass ein Innenhof f\u00fcr Arbeit und Aktivit\u00e4ten entst\u00fcnde.<\/p>\n<p>F\u00fcr diese Werkstattausstattung und die Erweiterung des Solarkocherprojektes im Palarinya-Camp (evtl. sp\u00e4ter Ausweitung auf benachbarte Fl\u00fcchtlingscamps) sind uns Ihre Spenden sehr willkommen.<\/p>\n<p>Wenn Sie uns dabei unterst\u00fctzen wollen, \u00fcberweisen Sie bitte auf unser Spendenkonto unter Angabe des <strong>Verwendungszweckes<\/strong>.<\/p>\n<p><strong>Vielen Dank!<\/strong><\/p>\n<h3><a href=\"https:\/\/eg-solar.de\/wp-content\/uploads\/2016\/04\/Uganda-Solarkocher-f\u00fcr-Fl\u00fcchtlingslager-22-01-2020.pdf\" target=\"_blank\" rel=\"noopener\">\u21d2Uganda Solarkocher f\u00fcr Fl\u00fcchtlingslager 22-01-2020<\/a><\/h3>\n<h2>50 Solarkocher SK14, 50 T\u00f6pfe, 50 Warmhaltes\u00e4cke im Fl\u00fcchtlingslager Palyorinya verteilt<\/h2>\n<p>Am 5. Oktober meldete unser Partner Edwards Kyambaddee &#8211; wieder ins BSPW in Jinja zur\u00fcckgekehrt &#8211; dass die erste H\u00e4lfte des Pilotprojektes erfolgreich umgesetzt war:<\/p>\n<p>50 Solarkocher SK14, 50 T\u00f6pfe, 50 Warmhaltes\u00e4cke und die ersten Fahrr\u00e4der (f\u00fcr die Projektbetreuer\/Innen im weitl\u00e4ufigen Lager) sind von ihm und seinem Team im September auf gemieteten Lastw\u00e4gen \u00fcber 600 km auf gr\u00f6\u00dftenteils holprigen Sandpisten in das Fl\u00fcchtlingslager Palyorinya\/District Moyo im Norden Ugandas verbracht worden; allein die Fahrt dauerte zwei volle Tage.<\/p>\n<figure id=\"attachment_1231\" style=\"width: 700px\"  class=\"wp-caption alignnone\"><img decoding=\"async\" class=\"size-full wp-image-1231\" src=\"https:\/\/eg-solar.de\/wp-content\/uploads\/2016\/04\/Palyorinya-1.jpg\" alt=\"\" width=\"700\" height=\"395\" srcset=\"https:\/\/eg-solar.de\/wp-content\/uploads\/2016\/04\/Palyorinya-1.jpg 700w, https:\/\/eg-solar.de\/wp-content\/uploads\/2016\/04\/Palyorinya-1-416x235.jpg 416w, https:\/\/eg-solar.de\/wp-content\/uploads\/2016\/04\/Palyorinya-1-300x169.jpg 300w, https:\/\/eg-solar.de\/wp-content\/uploads\/2016\/04\/Palyorinya-1-600x339.jpg 600w\" sizes=\"(max-width: 700px) 100vw, 700px\" \/><figcaption class=\"wp-caption-text\">Palyorinya 1<\/figcaption><\/figure>\n<p>Man hatte sich f\u00fcr Palyorinya entschieden, weil dort eine zuverl\u00e4ssige Kooperation mit den \u00f6rtlichen Beh\u00f6rden m\u00f6glich war, die eine l\u00e4ngerfristige Betreuung des Projektes sicherstellen soll. Im Norden Ugandas reiht sich ein riesiges Fl\u00fcchtlingslager an das n\u00e4chste. So erstreckt sich das Lager Palyorinya allein auf ca. 25 bis maximal 45 km und hat derzeit \u00fcber 124.000 Einwohner \u2013 eine logistische Herausforderung f\u00fcr unser Partnerteam, die wohl kaum ohne organisatorische Unterst\u00fctzung ortskundiger Personen m\u00f6glich w\u00e4re.<\/p>\n<p>Einige Frauen wurden als \u201ePromoterinnen\u201c f\u00fcr das solare Kochen und das Monitoring eingewiesen. Sie haben die Aufgabe, \u00fcber einen l\u00e4ngeren Zeitraum die Solarkocher und deren Nutzer\/Innen zu betreuen.<\/p>\n<p><img decoding=\"async\" class=\"size-full wp-image-1232 alignnone\" src=\"https:\/\/eg-solar.de\/wp-content\/uploads\/2016\/04\/Palyorinya-2.jpg\" alt=\"Palyorinya 2\" width=\"700\" height=\"572\" srcset=\"https:\/\/eg-solar.de\/wp-content\/uploads\/2016\/04\/Palyorinya-2.jpg 700w, https:\/\/eg-solar.de\/wp-content\/uploads\/2016\/04\/Palyorinya-2-416x340.jpg 416w, https:\/\/eg-solar.de\/wp-content\/uploads\/2016\/04\/Palyorinya-2-300x245.jpg 300w, https:\/\/eg-solar.de\/wp-content\/uploads\/2016\/04\/Palyorinya-2-600x490.jpg 600w\" sizes=\"(max-width: 700px) 100vw, 700px\" \/><\/p>\n<p>Dank einer gro\u00dfz\u00fcgigen Spende des Rotary Clubs M\u00fchldorf-Ampfing ist nun auch der zweite Teil des Pilotprojektes finanziell gesichert. Die n\u00e4chsten 50 Solarkocher werden derzeit in Jinja gebaut und Ende November ins Lager Palorinya transportiert. Dann d\u00fcrften auch die ersten Erfahrungsberichte \u00fcber die Nutzung der Solarkocher vor Ort vorliegen.<\/p>\n<p>&nbsp;<\/p>\n<h3><a href=\"https:\/\/eg-solar.de\/wp-content\/uploads\/2016\/04\/Uganda-Solarkocher-f\u00fcr-Fl\u00fcchtlingslager-.pdf\" target=\"_blank\" rel=\"noopener\">\u21d2Uganda Solarkocher f\u00fcr Fl\u00fcchtlingslager<\/a><\/h3>\n<h2>50 Solarkocher f\u00fcr das BidiBidi-Camp fertiggestellt<\/h2>\n<figure id=\"attachment_1222\" style=\"width: 700px\"  class=\"wp-caption alignleft\"><img loading=\"lazy\" decoding=\"async\" class=\"size-full wp-image-1222\" src=\"https:\/\/eg-solar.de\/wp-content\/uploads\/2016\/04\/BSPW1.jpg\" alt=\"\" width=\"700\" height=\"394\" srcset=\"https:\/\/eg-solar.de\/wp-content\/uploads\/2016\/04\/BSPW1.jpg 700w, https:\/\/eg-solar.de\/wp-content\/uploads\/2016\/04\/BSPW1-416x234.jpg 416w, https:\/\/eg-solar.de\/wp-content\/uploads\/2016\/04\/BSPW1-300x169.jpg 300w, https:\/\/eg-solar.de\/wp-content\/uploads\/2016\/04\/BSPW1-600x338.jpg 600w\" sizes=\"(max-width: 700px) 100vw, 700px\" \/><figcaption class=\"wp-caption-text\">Vormontage der SK14 BSPW<\/figcaption><\/figure>\n<p>Mitarbeiter in unserer Partnerwerkstatt BSPW (Bicycle Sponsorship Project &#038; Workshop) in Jinja\/Uganda haben inzwischen die erste Serie von 50 Solarkochern fertiggestellt.<\/p>\n<h3>Reflektorbleche inzwischen in Uganda eingetroffen<\/h3>\n<p>Es hat 3 Monate gedauert bis wir die Blechs\u00e4tze, verpackt in 3 Holzkisten, losschicken konnten ohne horrende Zollgeb\u00fchren zu zahlen. Urspr\u00fcnglich lag der Einfuhrzollsatz bei \u00fcber 80% des Warenwertes. Wir waren nicht bereit mehrere Tausend Euro Ihrer Spenden, die den Fl\u00fcchtlingen im BidiBidi-Camp zu Gute kommen sollen, f\u00fcr eine Hilfslieferung auszugeben. Unsere ugandischen Freunde haben es durch Ihren unerm\u00fcdlichen Einsatz geschafft, die Geb\u00fchren auf ein Minimum zu reduzieren. Herzlichen Dank!<\/p>\n<p>Im September werden die ersten 50 Solarkocher in den Norden ins Camp transportiert und an ausgew\u00e4hlte Fl\u00fcchtlingsfamilien verteilt.<\/p>\n<h3><a href=\"https:\/\/eg-solar.de\/wp-content\/uploads\/2016\/04\/Uganda-BidiBidi-2.pdf\" target=\"_blank\" rel=\"noopener\">\u21d2Uganda BidiBidi 2<\/a><\/h3>\n<h2>Solarkocher f\u00fcr Fl\u00fcchtlingslager BidiBidi in Norduganda<\/h2>\n<figure id=\"attachment_1072\" style=\"width: 700px\"  class=\"wp-caption alignleft\"><img loading=\"lazy\" decoding=\"async\" class=\"size-full wp-image-1072\" src=\"https:\/\/eg-solar.de\/wp-content\/uploads\/2016\/04\/BidiBidi1.jpg\" alt=\"\" width=\"700\" height=\"525\" srcset=\"https:\/\/eg-solar.de\/wp-content\/uploads\/2016\/04\/BidiBidi1.jpg 700w, https:\/\/eg-solar.de\/wp-content\/uploads\/2016\/04\/BidiBidi1-416x312.jpg 416w, https:\/\/eg-solar.de\/wp-content\/uploads\/2016\/04\/BidiBidi1-300x225.jpg 300w, https:\/\/eg-solar.de\/wp-content\/uploads\/2016\/04\/BidiBidi1-600x450.jpg 600w\" sizes=\"(max-width: 700px) 100vw, 700px\" \/><figcaption class=\"wp-caption-text\">Solarkocherpr\u00e4sentation im BidiBidi Camp<\/figcaption><\/figure>\n<p>Seit einiger Zeit h\u00e4ufen sich Meldungen \u00fcber drastisch zunehmende Fl\u00fcchtlingszahlen aus angrenzenden L\u00e4ndern (v.a. S\u00fcdsudan im Norden Ugandas) und dem rasanten Anwachsen des inzwischen weltweit gr\u00f6\u00dften Refugee Camps BidiBidi. EG Solar regte bei unserem Partner BSPW in Jinja an, zu erkunden, ob eine Unterst\u00fctzung der Menschen im Lager mit Solarkochern sinnvoll, m\u00f6glich und realisierbar w\u00e4re. Im Sommer 2017 konnte die Erkundungsfahrt eines Teams aus Jinja in den entlegenen Norden stattfinden \u2013 mit einem Solarkocher zu Demonstrationszwecken im Gep\u00e4ck.<\/p>\n<figure id=\"attachment_1077\" style=\"width: 700px\"  class=\"wp-caption alignleft\"><img loading=\"lazy\" decoding=\"async\" class=\"size-full wp-image-1077\" src=\"https:\/\/eg-solar.de\/wp-content\/uploads\/2016\/04\/BidiBidi3.jpg\" alt=\"\" width=\"700\" height=\"153\" srcset=\"https:\/\/eg-solar.de\/wp-content\/uploads\/2016\/04\/BidiBidi3.jpg 700w, https:\/\/eg-solar.de\/wp-content\/uploads\/2016\/04\/BidiBidi3-416x91.jpg 416w, https:\/\/eg-solar.de\/wp-content\/uploads\/2016\/04\/BidiBidi3-300x66.jpg 300w, https:\/\/eg-solar.de\/wp-content\/uploads\/2016\/04\/BidiBidi3-600x131.jpg 600w\" sizes=\"(max-width: 700px) 100vw, 700px\" \/><figcaption class=\"wp-caption-text\">Ausschnitt aus dem Fl\u00fcchtlingslager<\/figcaption><\/figure>\n<p>Maxime Hinschberger, der zu dieser Zeit als Freiwilliger von Jugendhilfe Ostafrika im BSPW eingesetzt war, durfte seinen Chef begleiten und berichtete tief beeindruckt:<\/p>\n<p>\u201eMehr als 270.000 gefl\u00fcchtete Menschen leben dort, die meisten aus dem S\u00fcdsudan, wo B\u00fcrgerkrieg und Hunger herrschen. Die gefl\u00fcchteten Familien erhalten ein St\u00fcck Land von der Regierung und lassen sich nieder. Soweit das Auge reicht, sind die selbstgebauten H\u00fctten zu sehen. Brennholz ist knapp geworden\u2026\u201c<\/p>\n<p>Weiter berichtet er: \u201eBei unserem Besuch im BidiBidi Refugee Settlement konnten wir den Menschen die Funktionsweise eines Solar Cookers demonstrieren \u2013 die anschlie\u00dfenden Reaktionen waren schlichtweg \u00fcberw\u00e4ltigend&#8230;<\/p>\n<p>Die Menschen trauten ihren Augen nicht, manche hielten es sogar f\u00fcr Magie und wollten sich selbst davon \u00fcberzeugen. Man sp\u00fcrte die Erleichterung der Menschen und die Faszination der Einfachheit dieser Idee. Aufgrund der starken Sonnenintensit\u00e4t k\u00f6nnte diese Technologie den Menschen die allt\u00e4gliche Last der verzweifelten Suche nach Feuerholz abnehmen und vielerlei weitere Probleme l\u00f6sen.\u201c<\/p>\n<p>Ab Februar soll nun ein Pilotprojekt starten:<\/p>\n<p>&#8211; <strong>EG SOLAR<\/strong> will eine gr\u00f6\u00dfere Anzahl von Reflektorblechs\u00e4tzen f\u00fcr den SK14 von hier nach Jinja schicken und die Produktionskosten bei BSPW sponsern, ebenso die Transportkosten der Kocherbaus\u00e4tze ins BidiBidi Camp (ca. 800 km).<\/p>\n<p>&#8211; <strong>BSPW<\/strong> wird den Bau der Kocher organisieren und die Volunteers von ADRA mit gesponserten und beschrifteten Fahrr\u00e4dern ausstatten. Als Botschafter des solaren Kochens k\u00f6nnen sie damit die oft kilometerlangen Wege im Lager gut zur\u00fccklegen.<\/p>\n<p>&#8211; <strong>JUGENDHILFE OSTAFRIKA<\/strong> wird das Fahrradsponsoring \u00fcbernehmen und die Finanzierung und Herstellung von gen\u00fcgend Warmhaltek\u00f6rben im Lager organisieren.<\/p>\n<h3>\u00a0<a href=\"https:\/\/eg-solar.de\/wp-content\/uploads\/2016\/04\/Solarkocher-f\u00fcr-das-Fl\u00fcchtlingslager-BidiBidi-Uganda.pdf\" target=\"_blank\" rel=\"noopener\">\u21d2 Solarkocher f\u00fcr das Fl\u00fcchtlingslager BidiBidi Uganda, Projektbeschreibung<\/a><\/h3>\n<h2>Unterst\u00fctzen sie mit ihrer Spende die Einf\u00fchrung des solaren Kochens im Fl\u00fcchtlingslager (Stichwort: \u201eBidiBidi\u201c).<\/h2>\n","protected":false},"excerpt":{"rendered":"<p>Reflector sheets for 220 solar cookers arrived in Jinja Packed in 5 boxes, we sent 220 sets of reflector sheets, a used roll bending machine and small parts for the construction of SK14 solar cookers with air freight to Entebbe. Each of the boxes weighs approximately 170 kg. It takes four men to handle a [&hellip;]<\/p>\n","protected":false},"author":3,"featured_media":0,"parent":0,"menu_order":0,"comment_status":"closed","ping_status":"closed","template":"","meta":{"give_campaign_id":0,"_uag_custom_page_level_css":"","footnotes":""},"class_list":["post-3552","page","type-page","status-publish","hentry"],"campaignId":"","uagb_featured_image_src":{"full":false,"thumbnail":false,"medium":false,"medium_large":false,"large":false,"1536x1536":false,"2048x2048":false,"woocommerce_thumbnail":false,"woocommerce_single":false,"woocommerce_gallery_thumbnail":false},"uagb_author_info":{"display_name":"Hans Michlbauer","author_link":"https:\/\/eg-solar.de\/en\/author\/michlbauer-hans\/"},"uagb_comment_info":0,"uagb_excerpt":"Reflector sheets for 220 solar cookers arrived in Jinja Packed in 5 boxes, we sent 220 sets of reflector sheets, a used roll bending machine and small parts for the construction of SK14 solar cookers with air freight to Entebbe. Each of the boxes weighs approximately 170 kg. It takes four men to handle a&hellip;","_links":{"self":[{"href":"https:\/\/eg-solar.de\/en\/wp-json\/wp\/v2\/pages\/3552","targetHints":{"allow":["GET"]}}],"collection":[{"href":"https:\/\/eg-solar.de\/en\/wp-json\/wp\/v2\/pages"}],"about":[{"href":"https:\/\/eg-solar.de\/en\/wp-json\/wp\/v2\/types\/page"}],"author":[{"embeddable":true,"href":"https:\/\/eg-solar.de\/en\/wp-json\/wp\/v2\/users\/3"}],"replies":[{"embeddable":true,"href":"https:\/\/eg-solar.de\/en\/wp-json\/wp\/v2\/comments?post=3552"}],"version-history":[{"count":5,"href":"https:\/\/eg-solar.de\/en\/wp-json\/wp\/v2\/pages\/3552\/revisions"}],"predecessor-version":[{"id":3563,"href":"https:\/\/eg-solar.de\/en\/wp-json\/wp\/v2\/pages\/3552\/revisions\/3563"}],"wp:attachment":[{"href":"https:\/\/eg-solar.de\/en\/wp-json\/wp\/v2\/media?parent=3552"}],"curies":[{"name":"wp","href":"https:\/\/api.w.org\/{rel}","templated":true}]}}