{"id":3557,"date":"2023-03-08T12:51:50","date_gmt":"2023-03-08T11:51:50","guid":{"rendered":"https:\/\/eg-solar.de\/?page_id=3557"},"modified":"2023-03-08T12:54:34","modified_gmt":"2023-03-08T11:54:34","slug":"lesbos-fluechtlingslager-moria","status":"publish","type":"page","link":"https:\/\/eg-solar.de\/en\/lesbos-fluechtlingslager-moria\/","title":{"rendered":"Lesbos-Refugee Camp Moria"},"content":{"rendered":"<h2>Hilfe f\u00fcr Fl\u00fcchtlingslager Moria auf Lesbos\/Griechenland<\/h2>\n<p>Die Bewohner nennen es KZ oder die H\u00f6lle, das Fl\u00fcchtlingslager Moria auf der griechischen Insel Lesbos. Unvorstellbare Zust\u00e4nde \u2013 bis zum Selbstmord von Kindern \u2013 herrschen dort.<\/p>\n<p>Im und um das Lager, das f\u00fcr max. 2000 Fl\u00fcchtlinge konzipiert ist, leben z. Zt. mehr als 10 000 Menschen aus ca. 40 L\u00e4ndern eng zusammen ohne sanit\u00e4re Einrichtungen unter windigen Zeltplanen den Herbstst\u00fcrmen ausgeliefert und v\u00f6llig unterversorgt, was Kleidung und Essen anbetrifft. Vor allem f\u00fcr Frauen (Angst vor Vergewaltigung) und Kinder (viele unbegleitete Minderj\u00e4hrige) sind dies unmenschliche Bedingungen. Im Streit um die wenigen Ressourcen kommt es zu Schl\u00e4gereien, Diebstahl und Konflikten mit den ortsans\u00e4ssigen Olivenbauern, deren Olivenb\u00e4ume f\u00fcr Kochzwecke missbraucht werden. Als Brennstoff f\u00fcr ein Drei-Steine-Feuer wird genommen, was immer man findet: Paletten, Kartons, Gummireifen und eben auch das Holz der Olivenb\u00e4ume.<\/p>\n<p>Anfang Oktober, der erste Sturm fegte gerade \u00fcber die Insel, erreichte uns der telefonische Hilferuf von Ing. M\u00fcller-Hermann aus Lesbos f\u00fcr diese Menschen: Dringend w\u00fcrden Decken, warme Kleidung, Schuhe, Windeln und vor allem Holzspar\u00f6fen zur Zubereitung von Mahlzeiten und paralleler W\u00e4rmeerzeugung ben\u00f6tigt. Ein Holzsparofen spart 70% des ansonsten f\u00fcr ein Dreisteine-Feuer ben\u00f6tigten Holzes ein und brennt nahezu rauchlos.<\/p>\n<p>Herr M\u00fcller-Hermann hatte EG Solar im Sommer in Alt\u00f6tting besucht, uns geschildert, dass nur einige Hilfsorganisationen und engagierte Freiwillige vor Ort versuchen, die Lage der Menschen zu lindern und den Kontakt zu <strong>Low-Tech-Lab<\/strong> und <strong>Heimatstern e.V.<\/strong> \/ M\u00fcnchen hergestellt. 1 Musterkocher SK14 mit Topf<\/p>\n<p>und 1 Satz Bleche wurden mit Fertigungszeichnung zu Low-Tech-Lab (<a href=\"http:\/\/lowtechlab.org\/wiki\/Accueil\">http:\/\/lowtechlab.org\/wiki\/Accueil<\/a>) nach Moria geschickt, um als Alternative zum zerst\u00f6rerischen Dreisteine-Feuer das solare Kochen vorzustellen.<\/p>\n<p><img decoding=\"async\" src=\"https:\/\/eg-solar.de\/wp-content\/uploads\/2016\/04\/LOWTECH-56.jpg\" \/><\/p>\n<p>\u00d6ffentliche Vorstellung des SK14<\/p>\n<p>Von den MitarbeiterInnen des <strong>Low-Tech-Lab<\/strong> wurde ein <strong>Solarkocherbaukurs mit interessierten Fl\u00fcchtlingen<\/strong> abgehalten und es war von allen Beteiligten geplant, das Solarkocherprojekt nach und nach weiter auszubauen. Angesichts der st\u00fcrmischen, regnerischen Herbst- und Wintersaison musste dieses Vorhaben jedoch auf das n\u00e4chste Fr\u00fchjahr verschoben werden.<\/p>\n<p><strong>Dringender war es nun, etwas zur Linderung der akuten Not beizutragen.<\/strong><\/p>\n<p><strong>Auf einen Spendenaufruf am 5. Oktober im Alt\u00f6ttinger Anzeiger kamen innerhalb einer Woche ca. 300 warme Decken, etliche Paar Schuhe und Windelpakete bei EG Solar an.\u00a0 EG Solar spendete 20 gro\u00dfe Holzspar\u00f6fen und 20 gro\u00dfe T\u00f6pfe.<\/strong><\/p>\n<p>Wir verpackten jeden Ofen einzeln in gro\u00dfe Schachteln, Decken und Sonstiges in stabile Plastiks\u00e4cke mit Beschriftung \/ Inhaltsangabe, verstauten alles in einem Ladeanh\u00e4nger und fuhren es zum Sammellager von Heimatstern e.V. in M\u00fcnchen (<a href=\"https:\/\/www.google.com\/url?sa=t&#038;rct=j&#038;q=&#038;esrc=s&#038;source=web&#038;cd=1&#038;cad=rja&#038;uact=8&#038;ved=2ahUKEwjUgfWTrZrfAhXIC-wKHf59Al4QFjAAegQIBBAD&#038;url=http%3A%2F%2Fwww.heimatstern.org%2Fde%2F&#038;usg=AOvVaw2scKQpMmaOG_Z714HCQOZO%3E%3Cspan%20style='color:blue'%3E%3Co:p%3E%3C\/o:p%3E%3C\/span%3E%3C\/a%3E%3C\/span%3E%3C\/p%3E%3Cp%20class=MsoNormal%3E%3Ci%3E%3Cu%3E%3Cspan%20style='color:blue;mso-fareast-language:DE'%3E%3Ca%20href=\">www.heimatstern.org\/de\/<\/a>), der den Weitertransport nach Lesbos \u00fcbernahm.<\/p>\n<p><strong>Bereits am 30.10.2018 war alles vor Ort auf Lesbos. <\/strong><\/p>\n<p><strong>An dieser Stelle sei allen Spendern nochmal herzlich gedankt!<\/strong><\/p>\n<h3><a href=\"https:\/\/eg-solar.de\/wp-content\/uploads\/2016\/04\/Hilfe-f\u00fcr-Fl\u00fcchtlingslager-Moria-auf-Lesbos.pdf\">\u21d2Hilfe f\u00fcr Fl\u00fcchtlingslager Moria auf Lesbos<\/a><\/h3>\n","protected":false},"excerpt":{"rendered":"<p>Hilfe f\u00fcr Fl\u00fcchtlingslager Moria auf Lesbos\/Griechenland Die Bewohner nennen es KZ oder die H\u00f6lle, das Fl\u00fcchtlingslager Moria auf der griechischen Insel Lesbos. Unvorstellbare Zust\u00e4nde \u2013 bis zum Selbstmord von Kindern \u2013 herrschen dort. Im und um das Lager, das f\u00fcr max. 2000 Fl\u00fcchtlinge konzipiert ist, leben z. Zt. mehr als 10 000 Menschen aus ca. [&hellip;]<\/p>\n","protected":false},"author":3,"featured_media":0,"parent":0,"menu_order":0,"comment_status":"closed","ping_status":"closed","template":"","meta":{"give_campaign_id":0,"_uag_custom_page_level_css":"","footnotes":""},"class_list":["post-3557","page","type-page","status-publish","hentry"],"campaignId":"","uagb_featured_image_src":{"full":false,"thumbnail":false,"medium":false,"medium_large":false,"large":false,"1536x1536":false,"2048x2048":false,"woocommerce_thumbnail":false,"woocommerce_single":false,"woocommerce_gallery_thumbnail":false},"uagb_author_info":{"display_name":"Hans Michlbauer","author_link":"https:\/\/eg-solar.de\/en\/author\/michlbauer-hans\/"},"uagb_comment_info":0,"uagb_excerpt":"Hilfe f\u00fcr Fl\u00fcchtlingslager Moria auf Lesbos\/Griechenland Die Bewohner nennen es KZ oder die H\u00f6lle, das Fl\u00fcchtlingslager Moria auf der griechischen Insel Lesbos. Unvorstellbare Zust\u00e4nde \u2013 bis zum Selbstmord von Kindern \u2013 herrschen dort. Im und um das Lager, das f\u00fcr max. 2000 Fl\u00fcchtlinge konzipiert ist, leben z. Zt. mehr als 10 000 Menschen aus ca.&hellip;","_links":{"self":[{"href":"https:\/\/eg-solar.de\/en\/wp-json\/wp\/v2\/pages\/3557","targetHints":{"allow":["GET"]}}],"collection":[{"href":"https:\/\/eg-solar.de\/en\/wp-json\/wp\/v2\/pages"}],"about":[{"href":"https:\/\/eg-solar.de\/en\/wp-json\/wp\/v2\/types\/page"}],"author":[{"embeddable":true,"href":"https:\/\/eg-solar.de\/en\/wp-json\/wp\/v2\/users\/3"}],"replies":[{"embeddable":true,"href":"https:\/\/eg-solar.de\/en\/wp-json\/wp\/v2\/comments?post=3557"}],"version-history":[{"count":4,"href":"https:\/\/eg-solar.de\/en\/wp-json\/wp\/v2\/pages\/3557\/revisions"}],"predecessor-version":[{"id":3561,"href":"https:\/\/eg-solar.de\/en\/wp-json\/wp\/v2\/pages\/3557\/revisions\/3561"}],"wp:attachment":[{"href":"https:\/\/eg-solar.de\/en\/wp-json\/wp\/v2\/media?parent=3557"}],"curies":[{"name":"wp","href":"https:\/\/api.w.org\/{rel}","templated":true}]}}