{"id":3570,"date":"2023-03-08T13:09:10","date_gmt":"2023-03-08T12:09:10","guid":{"rendered":"https:\/\/eg-solar.de\/?page_id=3570"},"modified":"2023-03-08T16:34:31","modified_gmt":"2023-03-08T15:34:31","slug":"philippinen-negros-2","status":"publish","type":"page","link":"https:\/\/eg-solar.de\/en\/philippinen-negros-2\/","title":{"rendered":"Philippines \/ Negros"},"content":{"rendered":"<figure id=\"attachment_1182\" style=\"width: 700px\"  class=\"wp-caption alignleft\"><img fetchpriority=\"high\" decoding=\"async\" class=\"size-full wp-image-1182\" src=\"https:\/\/eg-solar.de\/wp-content\/uploads\/2016\/03\/Negros-Lampenkurs.jpg\" alt=\"\" width=\"700\" height=\"533\" srcset=\"https:\/\/eg-solar.de\/wp-content\/uploads\/2016\/03\/Negros-Lampenkurs.jpg 700w, https:\/\/eg-solar.de\/wp-content\/uploads\/2016\/03\/Negros-Lampenkurs-416x317.jpg 416w, https:\/\/eg-solar.de\/wp-content\/uploads\/2016\/03\/Negros-Lampenkurs-300x228.jpg 300w, https:\/\/eg-solar.de\/wp-content\/uploads\/2016\/03\/Negros-Lampenkurs-600x457.jpg 600w\" sizes=\"(max-width: 700px) 100vw, 700px\" \/><figcaption class=\"wp-caption-text\">Negros-Lampenkurs<\/figcaption><\/figure>\n<p><strong>Ausbildungsseminar Solarlampenmontage, -reparatur und -handha<\/strong>bung in Bacalod City<strong><br \/>\n<\/strong><\/p>\n<p>Im April 2017 hielt unser Mitarbeiter und SES-Experte Eberhard Mohr ein Solarlampen-Seminar in Bacalod City auf den Philippinen. Die Teilnehmer erhielten Unterricht in Aufbau, Montage, Reparatur und Handhabung der Solarlampe MALI-Light, sowie Grundlagen der Solartechnologie. W\u00e4hrend der SES Senior-Expert-Service die Reisekosten f\u00fcr Hr. Mohr \u00fcbernommen hatte, sandte EG Solar im Februar 17 in 3 Postpaketen verteilt 50 Lampenbaus\u00e4tze und 50 Solarmodule (aus Spendengeldern finanziert), sowie elektr. Pr\u00fcfger\u00e4te und didaktisches Material an unseren Partner \u201eBio-Energetics Multi Purpose Cooperative\u201c in Bacalod City.<\/p>\n<p><a href=\"https:\/\/eg-solar.de\/wp-content\/uploads\/2016\/03\/Projektbericht-Philippinen-2017.pdf\" target=\"_blank\" rel=\"noopener\">\u21d2 Projektbericht Philippinen 2017<\/a><\/p>\n","protected":false},"excerpt":{"rendered":"<p>Ausbildungsseminar Solarlampenmontage, -reparatur und -handhabung in Bacalod City Im April 2017 hielt unser Mitarbeiter und SES-Experte Eberhard Mohr ein Solarlampen-Seminar in Bacalod City auf den Philippinen. Die Teilnehmer erhielten Unterricht in Aufbau, Montage, Reparatur und Handhabung der Solarlampe MALI-Light, sowie Grundlagen der Solartechnologie. W\u00e4hrend der SES Senior-Expert-Service die Reisekosten f\u00fcr Hr. Mohr \u00fcbernommen hatte, sandte [&hellip;]<\/p>\n","protected":false},"author":3,"featured_media":0,"parent":0,"menu_order":0,"comment_status":"closed","ping_status":"closed","template":"","meta":{"give_campaign_id":0,"_uag_custom_page_level_css":"","footnotes":""},"class_list":["post-3570","page","type-page","status-publish","hentry"],"campaignId":"","uagb_featured_image_src":{"full":false,"thumbnail":false,"medium":false,"medium_large":false,"large":false,"1536x1536":false,"2048x2048":false,"woocommerce_thumbnail":false,"woocommerce_single":false,"woocommerce_gallery_thumbnail":false},"uagb_author_info":{"display_name":"Hans Michlbauer","author_link":"https:\/\/eg-solar.de\/en\/author\/michlbauer-hans\/"},"uagb_comment_info":0,"uagb_excerpt":"Ausbildungsseminar Solarlampenmontage, -reparatur und -handhabung in Bacalod City Im April 2017 hielt unser Mitarbeiter und SES-Experte Eberhard Mohr ein Solarlampen-Seminar in Bacalod City auf den Philippinen. Die Teilnehmer erhielten Unterricht in Aufbau, Montage, Reparatur und Handhabung der Solarlampe MALI-Light, sowie Grundlagen der Solartechnologie. W\u00e4hrend der SES Senior-Expert-Service die Reisekosten f\u00fcr Hr. Mohr \u00fcbernommen hatte, sandte&hellip;","_links":{"self":[{"href":"https:\/\/eg-solar.de\/en\/wp-json\/wp\/v2\/pages\/3570","targetHints":{"allow":["GET"]}}],"collection":[{"href":"https:\/\/eg-solar.de\/en\/wp-json\/wp\/v2\/pages"}],"about":[{"href":"https:\/\/eg-solar.de\/en\/wp-json\/wp\/v2\/types\/page"}],"author":[{"embeddable":true,"href":"https:\/\/eg-solar.de\/en\/wp-json\/wp\/v2\/users\/3"}],"replies":[{"embeddable":true,"href":"https:\/\/eg-solar.de\/en\/wp-json\/wp\/v2\/comments?post=3570"}],"version-history":[{"count":5,"href":"https:\/\/eg-solar.de\/en\/wp-json\/wp\/v2\/pages\/3570\/revisions"}],"predecessor-version":[{"id":3583,"href":"https:\/\/eg-solar.de\/en\/wp-json\/wp\/v2\/pages\/3570\/revisions\/3583"}],"wp:attachment":[{"href":"https:\/\/eg-solar.de\/en\/wp-json\/wp\/v2\/media?parent=3570"}],"curies":[{"name":"wp","href":"https:\/\/api.w.org\/{rel}","templated":true}]}}