{"id":3791,"date":"2023-04-19T12:36:23","date_gmt":"2023-04-19T10:36:23","guid":{"rendered":"https:\/\/eg-solar.de\/?page_id=3791"},"modified":"2023-04-19T12:39:14","modified_gmt":"2023-04-19T10:39:14","slug":"anfahrt","status":"publish","type":"page","link":"https:\/\/eg-solar.de\/en\/anfahrt\/","title":{"rendered":"Directions"},"content":{"rendered":"<div class=\"is-layout-flow wp-block-column\">\n<p>Address:<\/p>\n<p>EG-Solar e.V.<br \/>\nNeu\u00f6ttinger Stra\u00dfe 64c<br \/>\n84503 Alt\u00f6tting<\/p>\n<p>Tel.: +49 \/ (0) 86 71 \/ 96 99 37<\/p>\n<p><img fetchpriority=\"high\" decoding=\"async\" class=\"alignleft size-full wp-image-3787\" src=\"https:\/\/eg-solar.de\/wp-content\/uploads\/2023\/04\/AnfahrtEGSolar_.png\" alt=\"\" width=\"695\" height=\"841\" srcset=\"https:\/\/eg-solar.de\/wp-content\/uploads\/2023\/04\/AnfahrtEGSolar_.png 695w, https:\/\/eg-solar.de\/wp-content\/uploads\/2023\/04\/AnfahrtEGSolar_-416x503.png 416w, https:\/\/eg-solar.de\/wp-content\/uploads\/2023\/04\/AnfahrtEGSolar_-248x300.png 248w\" sizes=\"(max-width: 695px) 100vw, 695px\" \/><\/p>\n<\/div>\n","protected":false},"excerpt":{"rendered":"<p>Address: EG-Solar e.V. Neu\u00f6ttinger Stra\u00dfe 64c 84503 Alt\u00f6tting Tel.: +49 \/ (0) 86 71 \/ 96 99 37<\/p>\n","protected":false},"author":3,"featured_media":0,"parent":0,"menu_order":0,"comment_status":"closed","ping_status":"closed","template":"","meta":{"give_campaign_id":0,"_uag_custom_page_level_css":"","footnotes":""},"class_list":["post-3791","page","type-page","status-publish","hentry"],"campaignId":"","uagb_featured_image_src":{"full":false,"thumbnail":false,"medium":false,"medium_large":false,"large":false,"1536x1536":false,"2048x2048":false,"woocommerce_thumbnail":false,"woocommerce_single":false,"woocommerce_gallery_thumbnail":false},"uagb_author_info":{"display_name":"Hans Michlbauer","author_link":"https:\/\/eg-solar.de\/en\/author\/michlbauer-hans\/"},"uagb_comment_info":0,"uagb_excerpt":"Address: EG-Solar e.V. Neu\u00f6ttinger Stra\u00dfe 64c 84503 Alt\u00f6tting Tel.: +49 \/ (0) 86 71 \/ 96 99 37","_links":{"self":[{"href":"https:\/\/eg-solar.de\/en\/wp-json\/wp\/v2\/pages\/3791","targetHints":{"allow":["GET"]}}],"collection":[{"href":"https:\/\/eg-solar.de\/en\/wp-json\/wp\/v2\/pages"}],"about":[{"href":"https:\/\/eg-solar.de\/en\/wp-json\/wp\/v2\/types\/page"}],"author":[{"embeddable":true,"href":"https:\/\/eg-solar.de\/en\/wp-json\/wp\/v2\/users\/3"}],"replies":[{"embeddable":true,"href":"https:\/\/eg-solar.de\/en\/wp-json\/wp\/v2\/comments?post=3791"}],"version-history":[{"count":2,"href":"https:\/\/eg-solar.de\/en\/wp-json\/wp\/v2\/pages\/3791\/revisions"}],"predecessor-version":[{"id":3793,"href":"https:\/\/eg-solar.de\/en\/wp-json\/wp\/v2\/pages\/3791\/revisions\/3793"}],"wp:attachment":[{"href":"https:\/\/eg-solar.de\/en\/wp-json\/wp\/v2\/media?parent=3791"}],"curies":[{"name":"wp","href":"https:\/\/api.w.org\/{rel}","templated":true}]}}