{"id":3794,"date":"2023-04-19T12:45:46","date_gmt":"2023-04-19T10:45:46","guid":{"rendered":"https:\/\/eg-solar.de\/?page_id=3794"},"modified":"2023-04-19T13:05:59","modified_gmt":"2023-04-19T11:05:59","slug":"kontaktformular","status":"publish","type":"page","link":"https:\/\/eg-solar.de\/en\/kontaktformular\/","title":{"rendered":"Directions"},"content":{"rendered":"<div class=\"wp-block-columns\">\r\n<div class=\"wp-block-column\">\r\n<div class=\"wp-block-contact-form-7-contact-form-selector\">\r\n<p>Address:<\/p>\r\n<p>EG-Solar e.V.<br \/>Neu\u00f6ttinger Stra\u00dfe 64c<br \/>84503 Alt\u00f6tting<br \/>Tel.: +49 \/ (0) 86 71 \/ 96 99 37<\/p>\r\n<p>&nbsp;<\/p>\r\n<p><img fetchpriority=\"high\" decoding=\"async\" class=\"alignleft size-full wp-image-3787\" src=\"https:\/\/eg-solar.de\/wp-content\/uploads\/2023\/04\/AnfahrtEGSolar_.png\" alt=\"\" width=\"695\" height=\"841\" srcset=\"https:\/\/eg-solar.de\/wp-content\/uploads\/2023\/04\/AnfahrtEGSolar_.png 695w, https:\/\/eg-solar.de\/wp-content\/uploads\/2023\/04\/AnfahrtEGSolar_-416x503.png 416w, https:\/\/eg-solar.de\/wp-content\/uploads\/2023\/04\/AnfahrtEGSolar_-248x300.png 248w\" sizes=\"(max-width: 695px) 100vw, 695px\" \/><\/p>\r\n<\/div>\r\n<!-- \/wp:post-content --><\/div>\r\n<!-- \/wp:column --><\/div>\r\n<!-- \/wp:columns -->\r\n\r\n<!-- wp:paragraph -->\r\n<p>&nbsp;<\/p>","protected":false},"excerpt":{"rendered":"<p>Address: EG-Solar e.V.Neu\u00f6ttinger Stra\u00dfe 64c84503 Alt\u00f6ttingTel.: +49 \/ (0) 86 71 \/ 96 99 37 &nbsp; &nbsp;<\/p>\n","protected":false},"author":3,"featured_media":0,"parent":0,"menu_order":0,"comment_status":"closed","ping_status":"closed","template":"","meta":{"give_campaign_id":0,"_uag_custom_page_level_css":"","footnotes":""},"class_list":["post-3794","page","type-page","status-publish","hentry"],"campaignId":"","uagb_featured_image_src":{"full":false,"thumbnail":false,"medium":false,"medium_large":false,"large":false,"1536x1536":false,"2048x2048":false,"woocommerce_thumbnail":false,"woocommerce_single":false,"woocommerce_gallery_thumbnail":false},"uagb_author_info":{"display_name":"Hans Michlbauer","author_link":"https:\/\/eg-solar.de\/en\/author\/michlbauer-hans\/"},"uagb_comment_info":0,"uagb_excerpt":"Address: EG-Solar e.V.Neu\u00f6ttinger Stra\u00dfe 64c84503 Alt\u00f6ttingTel.: +49 \/ (0) 86 71 \/ 96 99 37 &nbsp; &nbsp;","_links":{"self":[{"href":"https:\/\/eg-solar.de\/en\/wp-json\/wp\/v2\/pages\/3794","targetHints":{"allow":["GET"]}}],"collection":[{"href":"https:\/\/eg-solar.de\/en\/wp-json\/wp\/v2\/pages"}],"about":[{"href":"https:\/\/eg-solar.de\/en\/wp-json\/wp\/v2\/types\/page"}],"author":[{"embeddable":true,"href":"https:\/\/eg-solar.de\/en\/wp-json\/wp\/v2\/users\/3"}],"replies":[{"embeddable":true,"href":"https:\/\/eg-solar.de\/en\/wp-json\/wp\/v2\/comments?post=3794"}],"version-history":[{"count":6,"href":"https:\/\/eg-solar.de\/en\/wp-json\/wp\/v2\/pages\/3794\/revisions"}],"predecessor-version":[{"id":3803,"href":"https:\/\/eg-solar.de\/en\/wp-json\/wp\/v2\/pages\/3794\/revisions\/3803"}],"wp:attachment":[{"href":"https:\/\/eg-solar.de\/en\/wp-json\/wp\/v2\/media?parent=3794"}],"curies":[{"name":"wp","href":"https:\/\/api.w.org\/{rel}","templated":true}]}}