{"id":73,"date":"2016-04-19T14:34:11","date_gmt":"2016-04-19T12:34:11","guid":{"rendered":"https:\/\/eg-solar.de\/?page_id=73"},"modified":"2016-06-22T09:17:53","modified_gmt":"2016-06-22T07:17:53","slug":"co2-bilanz","status":"publish","type":"page","link":"https:\/\/eg-solar.de\/en\/co2-bilanz\/","title":{"rendered":"CO2-Bilanz"},"content":{"rendered":"<p style=\"text-align: left;\">Mit 2,50 \u20ac investiert in Solarkochern\u00a0kann 1 Tonne CO<sub>2 <\/sub>eingespart werden.<\/p>\n<p style=\"text-align: left;\">Die Investition\u00a0entlastet Frauen und Kinder vom m\u00fchevollen und zeitraubenden Brennholzsammeln,<\/p>\n<p style=\"text-align: left;\">erh\u00e4lt den Baumbestand und verringert Erosionssch\u00e4den und W\u00fcstenbildung,<\/p>\n<p style=\"text-align: left;\">erspart den Frauen das gesundheitssch\u00e4dliche Kochen im Rauch,<\/p>\n<p style=\"text-align: left;\">schafft und sichert Ausbildungs- und Arbeitspl\u00e4tze in Solarkocherwerkst\u00e4tten,<\/p>\n<p style=\"text-align: left;\">gibt den Jugendlichen in der Sozialwerkstatt des BRK eine Chance auf dem Arbeitsmarkt,<\/p>\n<p style=\"text-align: left;\">sichert Arbeitspl\u00e4tze bei EG-SOLAR.<\/p>\n<p style=\"text-align: left;\">Die Weltklimakonferenz in Den Haag ist am Hauptverursacher der weltweiten Klimakatastrophe, den USA, gescheitert. Damit k\u00f6nnen die 1997 in Kyoto vereinbarten Mechanismen zur CO<sub>2<\/sub>-Verminderung leider nicht umgesetzt werden. Es wird also noch keine CO<sub>2<\/sub>-Gutschriften f\u00fcr die Finanzierung von treibhausgasemissionsmindernden Solarkocherprogrammen in Entwicklungsl\u00e4ndern geben.<\/p>\n<p style=\"text-align: left;\" align=\"JUSTIFY\">Wir haben uns trotzdem entschlossen, jetzt damit zu beginnen, da jeder verlorene Tag verheerende Folgen f\u00fcr die von der Brennholzkrise betroffenen Menschen hat.<\/p>\n<p style=\"text-align: left;\" align=\"JUSTIFY\">F\u00fcr Ihre \u00dcberweisung unter dem Stichwort &#8220;<b><u>CO<sub>2<\/sub>-Spende<\/u><\/b>&#8221; bekommen Sie nicht nur eine steuerlich abzugsf\u00e4hige Zuwendungsbescheinigung, sondern auch ein EG-SOLAR CO<sub>2<\/sub>-Zertifikat.<\/p>\n<p style=\"text-align: left;\" align=\"JUSTIFY\">\n<p>[seamless-donations]<\/p>\n","protected":false},"excerpt":{"rendered":"<p>Mit 2,50 \u20ac investiert in Solarkochern\u00a0kann 1 Tonne CO2 eingespart werden. Die Investition\u00a0entlastet Frauen und Kinder vom m\u00fchevollen und zeitraubenden Brennholzsammeln, erh\u00e4lt den Baumbestand und verringert Erosionssch\u00e4den und W\u00fcstenbildung, erspart den Frauen das gesundheitssch\u00e4dliche Kochen im Rauch, schafft und sichert Ausbildungs- und Arbeitspl\u00e4tze in Solarkocherwerkst\u00e4tten, gibt den Jugendlichen in der Sozialwerkstatt des BRK eine Chance [&hellip;]<\/p>\n","protected":false},"author":1,"featured_media":0,"parent":0,"menu_order":0,"comment_status":"closed","ping_status":"closed","template":"","meta":{"give_campaign_id":0,"_uag_custom_page_level_css":"","footnotes":""},"class_list":["post-73","page","type-page","status-publish","hentry"],"campaignId":"","uagb_featured_image_src":{"full":false,"thumbnail":false,"medium":false,"medium_large":false,"large":false,"1536x1536":false,"2048x2048":false,"woocommerce_thumbnail":false,"woocommerce_single":false,"woocommerce_gallery_thumbnail":false},"uagb_author_info":{"display_name":"Nathan Tracy","author_link":"https:\/\/eg-solar.de\/en\/author\/admin\/"},"uagb_comment_info":0,"uagb_excerpt":"Mit 2,50 \u20ac investiert in Solarkochern\u00a0kann 1 Tonne CO2 eingespart werden. Die Investition\u00a0entlastet Frauen und Kinder vom m\u00fchevollen und zeitraubenden Brennholzsammeln, erh\u00e4lt den Baumbestand und verringert Erosionssch\u00e4den und W\u00fcstenbildung, erspart den Frauen das gesundheitssch\u00e4dliche Kochen im Rauch, schafft und sichert Ausbildungs- und Arbeitspl\u00e4tze in Solarkocherwerkst\u00e4tten, gibt den Jugendlichen in der Sozialwerkstatt des BRK eine Chance&hellip;","_links":{"self":[{"href":"https:\/\/eg-solar.de\/en\/wp-json\/wp\/v2\/pages\/73","targetHints":{"allow":["GET"]}}],"collection":[{"href":"https:\/\/eg-solar.de\/en\/wp-json\/wp\/v2\/pages"}],"about":[{"href":"https:\/\/eg-solar.de\/en\/wp-json\/wp\/v2\/types\/page"}],"author":[{"embeddable":true,"href":"https:\/\/eg-solar.de\/en\/wp-json\/wp\/v2\/users\/1"}],"replies":[{"embeddable":true,"href":"https:\/\/eg-solar.de\/en\/wp-json\/wp\/v2\/comments?post=73"}],"version-history":[{"count":0,"href":"https:\/\/eg-solar.de\/en\/wp-json\/wp\/v2\/pages\/73\/revisions"}],"wp:attachment":[{"href":"https:\/\/eg-solar.de\/en\/wp-json\/wp\/v2\/media?parent=73"}],"curies":[{"name":"wp","href":"https:\/\/api.w.org\/{rel}","templated":true}]}}