{"id":84,"date":"2016-04-19T14:37:29","date_gmt":"2016-04-19T12:37:29","guid":{"rendered":"https:\/\/eg-solar.de\/?page_id=84"},"modified":"2023-03-30T10:33:21","modified_gmt":"2023-03-30T08:33:21","slug":"solarlampe","status":"publish","type":"page","link":"https:\/\/eg-solar.de\/en\/solarlampe\/","title":{"rendered":"Solar Lamp"},"content":{"rendered":"<figure id=\"attachment_378\" style=\"width: 505px\"  class=\"wp-caption alignleft\"><img fetchpriority=\"high\" decoding=\"async\" class=\"wp-image-378 \" src=\"https:\/\/eg-solar.de\/wp-content\/uploads\/2016\/04\/Solarlampe-1.jpg\" alt=\"Solarlampe 1\" width=\"505\" height=\"479\" srcset=\"https:\/\/eg-solar.de\/wp-content\/uploads\/2016\/04\/Solarlampe-1.jpg 700w, https:\/\/eg-solar.de\/wp-content\/uploads\/2016\/04\/Solarlampe-1-416x395.jpg 416w, https:\/\/eg-solar.de\/wp-content\/uploads\/2016\/04\/Solarlampe-1-300x285.jpg 300w, https:\/\/eg-solar.de\/wp-content\/uploads\/2016\/04\/Solarlampe-1-80x76.jpg 80w, https:\/\/eg-solar.de\/wp-content\/uploads\/2016\/04\/Solarlampe-1-600x570.jpg 600w, https:\/\/eg-solar.de\/wp-content\/uploads\/2016\/04\/Solarlampe-1-280x266.jpg 280w\" sizes=\"(max-width: 505px) 100vw, 505px\" \/><figcaption class=\"wp-caption-text\">Solarlampe Mali-Light<\/figcaption><\/figure>\n<p>&nbsp;<\/p>\n<p>&nbsp;<\/p>\n<p><img decoding=\"async\" class=\"alignleft wp-image-3715\" src=\"https:\/\/eg-solar.de\/wp-content\/uploads\/2023\/03\/MaliLightSoldOut.png\" alt=\"\" width=\"478\" height=\"185\" srcset=\"https:\/\/eg-solar.de\/wp-content\/uploads\/2023\/03\/MaliLightSoldOut.png 626w, https:\/\/eg-solar.de\/wp-content\/uploads\/2023\/03\/MaliLightSoldOut-416x161.png 416w, https:\/\/eg-solar.de\/wp-content\/uploads\/2023\/03\/MaliLightSoldOut-300x116.png 300w\" sizes=\"(max-width: 478px) 100vw, 478px\" \/><\/p>\n<p>&nbsp;<\/p>\n<p>&nbsp;<\/p>\n<p>&nbsp;<\/p>\n<p>&nbsp;<\/p>\n<p>&nbsp;<\/p>\n<p>&nbsp;<\/p>\n<p>&nbsp;<\/p>\n<p>&nbsp;<\/p>\n<p>&nbsp;<\/p>\n<p>&nbsp;<\/p>\n<p>&nbsp;<\/p>\n<h1><span style=\"color: #3366ff;\"><strong>MALI-<\/strong><em>Light<\/em><\/span><\/h1>\n<h3><strong>Die Bedeutung von LED-Solarleuchten<\/strong><\/h3>\n<p>Bei unseren Projektpartnern im S\u00fcden wird es nach dem fr\u00fchen Sonnenuntergang schnell dunkel. In l\u00e4ndlichen Gegenden ist kaum eine fl\u00e4chendeckende Elektrifizierung vorhanden. Nur etwa ein Drittel der Landbev\u00f6lkerung hat Stromanschluss. Die Menschen sind auf Kerzen und Kerosinlampen zur Beleuchtung angewiesen.<\/p>\n<h3><strong>Welche Folgen haben erd\u00f6lbasierte Brennstoffe?<\/strong><\/h3>\n<ul>\n<li>Es besteht ein sehr hohes Brandgefahr-Risiko.<\/li>\n<li>Kinder k\u00f6nnen sich leicht an der offenen Flamme verbrennen.<\/li>\n<li>Die ru\u00dfende Flamme verunreinigt die Luft und f\u00fchrt zu Atemwegserkrankungen.<\/li>\n<li>Eine Lampe verbraucht etwa drei Liter Kerosin monatlich.<\/li>\n<li>Der CO<sub>2<\/sub>-Aussto\u00df\u00a0betr\u00e4gt 2,52 kg pro Liter Kerosin.<\/li>\n<li>Im Jahr werden pro Lampe \u00fcber 90 kg CO<sub>2 <\/sub><\/li>\n<li>Kerosin ist sehr teuer, um Kosten zu sparen wird h\u00e4ufig auf Licht verzichtet.<\/li>\n<li>Eine einfache Petroleumlampe erzeugt nur etwa 1% der Lichtmenge einer elektrischen 100 Watt Lampe.<\/li>\n<li>Der erhellte Lichtradius ist nur 30 \u2013 40 cm gro\u00df<\/li>\n<li>Das Licht ist schlecht geeignet zum Lesen und Schreiben.<\/li>\n<\/ul>\n<p>&nbsp;<\/p>\n<h3><strong>Gr\u00fcnde f\u00fcr den Einsatz von LED-Solarleuchten<\/strong><\/h3>\n<ul>\n<li>Leistungsstarke LED-Leuchten erm\u00f6glichen eine ausreichende Raumbeleuchtung.<\/li>\n<li>Das Licht reicht aus zum Lesen und Schreiben.<\/li>\n<li>Die Bildungschancen werden verbessert.<\/li>\n<li>Die Solarleuchten sind emissionsfrei.<\/li>\n<li>Eine <span style=\"color: #3366ff;\"><strong>MALI<\/strong>&#8211;<em>Light<\/em><\/span> ersetzt wegen ihrer Lichtst\u00e4rke 4 Kerosinlampen und kann im Jahr 144 Liter Kerosin einsparen.<\/li>\n<li>Qualitativ hochwertige Solarlampen sind langlebig und damit auch kosteng\u00fcnstig. Die Sonne schickt uns ja bekanntlich keine Rechnung.<\/li>\n<\/ul>\n<figure id=\"attachment_416\" style=\"width: 700px\"  class=\"wp-caption alignnone\"><img decoding=\"async\" class=\"wp-image-416 size-full\" src=\"https:\/\/eg-solar.de\/wp-content\/uploads\/2016\/04\/Lampenkonzept.jpg\" alt=\"Lampenkonzept\" width=\"700\" height=\"233\" srcset=\"https:\/\/eg-solar.de\/wp-content\/uploads\/2016\/04\/Lampenkonzept.jpg 700w, https:\/\/eg-solar.de\/wp-content\/uploads\/2016\/04\/Lampenkonzept-416x138.jpg 416w, https:\/\/eg-solar.de\/wp-content\/uploads\/2016\/04\/Lampenkonzept-300x100.jpg 300w, https:\/\/eg-solar.de\/wp-content\/uploads\/2016\/04\/Lampenkonzept-80x27.jpg 80w, https:\/\/eg-solar.de\/wp-content\/uploads\/2016\/04\/Lampenkonzept-600x200.jpg 600w, https:\/\/eg-solar.de\/wp-content\/uploads\/2016\/04\/Lampenkonzept-280x93.jpg 280w\" sizes=\"(max-width: 700px) 100vw, 700px\" \/><figcaption class=\"wp-caption-text\">Aufbau der Solarlampe<\/figcaption><\/figure>\n<h3><strong>Das Solar System LED 10.2 <\/strong><\/h3>\n<ul>\n<li><strong>ist ein mobiles Beleuchtungssystem mit neuer LED Lichttechnik und umweltfreundlicher Akkutechnologie<\/strong> (Nickel-Metall-Hydrid) <strong>in robuster Ausf\u00fchrung. <\/strong><\/li>\n<li><strong>Die Lampe ist gesch\u00fctzt gegen Sto\u00df und Spritzwasser, sowie gegen Verpolung, \u00dcberlastung und Kurzschluss. <\/strong><\/li>\n<li><strong>Alle verwendeten Teile sind handels\u00fcbliche Kaufteile und keine Spezialanfertigungen oder Spritzgussteile.\u00a0 <\/strong>Das Lampengeh\u00e4use ist eine Kunststoffrohrmuffe mit Abdeckkappe. Der Lampenschirm besteht aus einem Plastik-Trinkbecher.<\/li>\n<li><strong>Die Lampe ist einfach im Aufbau und erfordert wenig L\u00f6tarbeiten. <\/strong>Es sind keine vorgefertigten Leiterplatten integriert. Alle elektronischen Schaltungen werden mit hochwertigen L\u00fcsterklemmen verschraubt.<\/li>\n<li>Alle mechanischen Bauteile k\u00f6nnen in einer einfach ausgestatteten Werkstatt hergestellt und montiert werden.<\/li>\n<\/ul>\n<h3><span style=\"font-size: medium;\"><span style=\"color: #0000ff;\"><b>MALI <\/b><em>Light<\/em><\/span><b> Leistungsdaten:<\/b><\/span><\/h3>\n<table border=\"0\" width=\"100%\">\n<tbody>\n<tr>\n<td width=\"9%\"><strong><span style=\"font-size: medium;\">Lichttechnik<\/span><\/strong><\/td>\n<td width=\"91%\"><span style=\"font-size: medium;\">LED mit einer Lichtleistung von 130 Lumen (Lichtstrom)<\/span><\/td>\n<\/tr>\n<tr>\n<td width=\"9%\"><strong><span style=\"font-size: medium;\">Leuchtdauer<\/span><\/strong><\/td>\n<td width=\"91%\"><span style=\"font-size: medium;\">max. 12 Stunden<\/span><\/td>\n<\/tr>\n<tr>\n<td width=\"9%\"><strong><span style=\"font-size: medium;\">Ladedauer<\/span><\/strong><\/td>\n<td width=\"91%\"><span style=\"font-size: medium;\">6-7 Stunden mit Solarmodul 2,5 Watt und maximaler Sonneneinstrahlung.(1000 W\/m\u00b2 &#8211; Temp.25\u00b0C)<\/span><\/td>\n<\/tr>\n<tr>\n<td width=\"9%\"><strong><span style=\"font-size: medium;\">Lebensdauer<\/span><\/strong><\/td>\n<td width=\"91%\"><span style=\"font-size: medium;\">LED 100.000 Betriebsstunden<\/span><\/td>\n<\/tr>\n<tr>\n<td width=\"9%\"><strong><span style=\"font-size: medium;\">Gewicht<\/span><\/strong><\/td>\n<td width=\"91%\"><span style=\"font-size: medium;\">430 Gramm<\/span><\/td>\n<\/tr>\n<tr>\n<td width=\"9%\"><strong><span style=\"font-size: medium;\">Abmessungen<br \/>\n<\/span><\/strong><\/td>\n<td width=\"91%\"><span style=\"font-size: medium;\">200 x 90 mm\u00d8<\/span><\/td>\n<\/tr>\n<tr>\n<td width=\"9%\"><strong><span style=\"font-size: medium;\">Modul<\/span><\/strong><\/td>\n<td width=\"91%\"><span style=\"font-size: medium;\">Solarmodul \u2013 polycrystalin \u2013 2,5 Watt \u2013 6,0 Volt\/ 0,42 Ampere<\/span><\/td>\n<\/tr>\n<\/tbody>\n<\/table>\n<h3><a href=\"https:\/\/eg-solar.de\/wp-content\/uploads\/2021\/05\/Flyer-Lampe_2021.pdf\" target=\"_blank\" rel=\"noopener\">Flyer Solarlampe<\/a><\/h3>\n<h3><a href=\"https:\/\/eg-solar.de\/wp-content\/uploads\/2021\/05\/Bedienungsanleitung-Lampe-deutsch_2021.pdf\">Bedienungsanleitung Solarlampe<\/a><\/h3>\n<h3><a href=\"https:\/\/eg-solar.de\/wp-content\/uploads\/2021\/05\/Flyer-Lampe-english_2021.pdf\" target=\"_blank\" rel=\"noopener\">Flyer solar lamp &#8211; English\u00a0<\/a><\/h3>\n<h3><a href=\"https:\/\/eg-solar.de\/wp-content\/uploads\/2021\/05\/Bedienung-englisch_2021.pdf\" target=\"_blank\" rel=\"noopener\">Instruction manual &#8211; solar lamp &#8211; English<\/a><\/h3>\n<h3><a href=\"https:\/\/eg-solar.de\/wp-content\/uploads\/2021\/05\/Bedienung-Lampe-franz\u00f6sisch_2021.pdf\" target=\"_blank\" rel=\"noopener\">Utilisation syst\u00e8me solaire &#8211;\u00a0fran\u00e7ais<\/a><\/h3>\n<h3><span style=\"color: #993300;\"><a style=\"color: #993300;\" href=\"https:\/\/eg-solar.de\/wp-content\/uploads\/2016\/04\/Bedienung-Lampe-franz\u00f6sisch.pdf\" target=\"_blank\" rel=\"noopener\">\u00a0<\/a><\/span><\/h3>\n<h2><b>Solar Handy Ladeger\u00e4t<\/b><\/h2>\n<figure id=\"attachment_423\" style=\"width: 300px\"  class=\"wp-caption alignleft\"><img loading=\"lazy\" decoding=\"async\" class=\"wp-image-423 size-medium\" src=\"https:\/\/eg-solar.de\/wp-content\/uploads\/2016\/04\/Handy-Ladeger\u00e4t-300x268.jpg\" alt=\"Handy-Ladeger\u00e4t\" width=\"300\" height=\"268\" srcset=\"https:\/\/eg-solar.de\/wp-content\/uploads\/2016\/04\/Handy-Ladeger\u00e4t-300x268.jpg 300w, https:\/\/eg-solar.de\/wp-content\/uploads\/2016\/04\/Handy-Ladeger\u00e4t-416x371.jpg 416w, https:\/\/eg-solar.de\/wp-content\/uploads\/2016\/04\/Handy-Ladeger\u00e4t-80x71.jpg 80w, https:\/\/eg-solar.de\/wp-content\/uploads\/2016\/04\/Handy-Ladeger\u00e4t-600x536.jpg 600w, https:\/\/eg-solar.de\/wp-content\/uploads\/2016\/04\/Handy-Ladeger\u00e4t-280x250.jpg 280w, https:\/\/eg-solar.de\/wp-content\/uploads\/2016\/04\/Handy-Ladeger\u00e4t.jpg 700w\" sizes=\"(max-width: 300px) 100vw, 300px\" \/><figcaption class=\"wp-caption-text\">Solar-Handy-Ladeger\u00e4t<\/figcaption><\/figure>\n<h3>mobiles Ladeger\u00e4t f\u00fcr Handys, Smartphones, Tablets, &#8230; <b>\u00a0\u00a0\u00a0<\/b><\/h3>\n<table border=\"0\" width=\"100%\">\n<tbody>\n<tr>\n<td width=\"9%\"><strong><span style=\"font-size: medium;\">Stromversorgung:<br \/>\n<\/span><\/strong><\/td>\n<td width=\"91%\"><span style=\"font-size: medium;\">Solarmodul siehe oben, Solaranlagen bis zu 24 Volt DC,<\/span><\/td>\n<\/tr>\n<tr>\n<td width=\"9%\"><\/td>\n<td width=\"91%\"><span style=\"font-size: medium;\">Batterien 6V-12V-24V (z.B. Auto)<\/span><\/td>\n<\/tr>\n<tr>\n<td width=\"9%\"><\/td>\n<td width=\"91%\"><span style=\"font-size: medium;\">Netzger\u00e4te 220V\/12-24Volt<\/span><\/td>\n<\/tr>\n<tr>\n<td width=\"9%\"><strong><span style=\"font-size: medium;\">Eingangsspannung: <\/span><\/strong><\/td>\n<td width=\"91%\"><span style=\"font-size: medium;\">bis 24V DC<\/span><\/td>\n<\/tr>\n<tr>\n<td width=\"9%\"><strong><span style=\"font-size: medium;\">Ausgangsspannung:<span style=\"color: #ffffff;\">___<\/span><br \/>\n<\/span><\/strong><\/td>\n<td width=\"91%\"><span style=\"font-size: medium;\">5 Volt stabilisiert<\/span><\/td>\n<\/tr>\n<tr>\n<td width=\"9%\"><strong><span style=\"font-size: medium;\">Ausgangsstrom\u00a0 max: <\/span><\/strong><\/td>\n<td width=\"91%\"><span style=\"font-size: medium;\">2 A (abh\u00e4ngig von der Eingangsleistung)<\/span><\/td>\n<\/tr>\n<tr>\n<td width=\"9%\"><strong><span style=\"font-size: medium;\">Zubeh\u00f6r: <\/span><\/strong><\/td>\n<td width=\"91%\"><span style=\"font-size: medium;\">Solarmodul \u2013 polycrystalin \u2013 2,5 Watt \u2013 6,0 Volt\/ 0,42 Ampere<\/span><\/td>\n<\/tr>\n<\/tbody>\n<\/table>\n","protected":false},"excerpt":{"rendered":"<p>&nbsp; &nbsp; &nbsp; &nbsp; &nbsp; &nbsp; &nbsp; &nbsp; &nbsp; &nbsp; &nbsp; &nbsp; &nbsp; MALI-Light Die Bedeutung von LED-Solarleuchten Bei unseren Projektpartnern im S\u00fcden wird es nach dem fr\u00fchen Sonnenuntergang schnell dunkel. In l\u00e4ndlichen Gegenden ist kaum eine fl\u00e4chendeckende Elektrifizierung vorhanden. Nur etwa ein Drittel der Landbev\u00f6lkerung hat Stromanschluss. Die Menschen sind auf Kerzen und Kerosinlampen [&hellip;]<\/p>\n","protected":false},"author":1,"featured_media":0,"parent":0,"menu_order":0,"comment_status":"closed","ping_status":"closed","template":"","meta":{"give_campaign_id":0,"_uag_custom_page_level_css":"","footnotes":""},"class_list":["post-84","page","type-page","status-publish","hentry"],"campaignId":"","uagb_featured_image_src":{"full":false,"thumbnail":false,"medium":false,"medium_large":false,"large":false,"1536x1536":false,"2048x2048":false,"woocommerce_thumbnail":false,"woocommerce_single":false,"woocommerce_gallery_thumbnail":false},"uagb_author_info":{"display_name":"Nathan Tracy","author_link":"https:\/\/eg-solar.de\/en\/author\/admin\/"},"uagb_comment_info":0,"uagb_excerpt":"&nbsp; &nbsp; &nbsp; &nbsp; &nbsp; &nbsp; &nbsp; &nbsp; &nbsp; &nbsp; &nbsp; &nbsp; &nbsp; MALI-Light Die Bedeutung von LED-Solarleuchten Bei unseren Projektpartnern im S\u00fcden wird es nach dem fr\u00fchen Sonnenuntergang schnell dunkel. In l\u00e4ndlichen Gegenden ist kaum eine fl\u00e4chendeckende Elektrifizierung vorhanden. Nur etwa ein Drittel der Landbev\u00f6lkerung hat Stromanschluss. Die Menschen sind auf Kerzen und Kerosinlampen&hellip;","_links":{"self":[{"href":"https:\/\/eg-solar.de\/en\/wp-json\/wp\/v2\/pages\/84","targetHints":{"allow":["GET"]}}],"collection":[{"href":"https:\/\/eg-solar.de\/en\/wp-json\/wp\/v2\/pages"}],"about":[{"href":"https:\/\/eg-solar.de\/en\/wp-json\/wp\/v2\/types\/page"}],"author":[{"embeddable":true,"href":"https:\/\/eg-solar.de\/en\/wp-json\/wp\/v2\/users\/1"}],"replies":[{"embeddable":true,"href":"https:\/\/eg-solar.de\/en\/wp-json\/wp\/v2\/comments?post=84"}],"version-history":[{"count":14,"href":"https:\/\/eg-solar.de\/en\/wp-json\/wp\/v2\/pages\/84\/revisions"}],"predecessor-version":[{"id":3729,"href":"https:\/\/eg-solar.de\/en\/wp-json\/wp\/v2\/pages\/84\/revisions\/3729"}],"wp:attachment":[{"href":"https:\/\/eg-solar.de\/en\/wp-json\/wp\/v2\/media?parent=84"}],"curies":[{"name":"wp","href":"https:\/\/api.w.org\/{rel}","templated":true}]}}